{"id":40801,"date":"2023-11-14T11:23:18","date_gmt":"2023-11-14T10:23:18","guid":{"rendered":"https:\/\/kubo.femepa.org\/?page_id=40801"},"modified":"2025-09-22T08:25:10","modified_gmt":"2025-09-22T07:25:10","slug":"aviso-legal","status":"publish","type":"page","link":"https:\/\/femepa.org\/web\/aviso-legal\/","title":{"rendered":"Aviso legal"},"content":{"rendered":"\t\t<div data-elementor-type=\"wp-page\" data-elementor-id=\"40801\" class=\"elementor elementor-40801\" data-elementor-post-type=\"page\">\n\t\t\t\t\t\t<section class=\"elementor-section elementor-top-section elementor-element elementor-element-521d029 elementor-section-boxed elementor-section-height-default elementor-section-height-default\" data-id=\"521d029\" data-element_type=\"section\" data-e-type=\"section\" data-settings=\"{&quot;background_background&quot;:&quot;classic&quot;}\">\n\t\t\t\t\t\t\t<div class=\"elementor-background-overlay\"><\/div>\n\t\t\t\t\t\t\t<div class=\"elementor-container elementor-column-gap-default\">\n\t\t\t\t\t<div class=\"elementor-column elementor-col-100 elementor-top-column elementor-element elementor-element-1f6179a\" data-id=\"1f6179a\" data-element_type=\"column\" data-e-type=\"column\">\n\t\t\t<div class=\"elementor-widget-wrap elementor-element-populated\">\n\t\t\t\t\t\t<div class=\"elementor-element elementor-element-5fae20e elementor-widget elementor-widget-heading\" data-id=\"5fae20e\" data-element_type=\"widget\" data-e-type=\"widget\" data-widget_type=\"heading.default\">\n\t\t\t\t<div class=\"elementor-widget-container\">\n\t\t\t\t\t<h1 class=\"elementor-heading-title elementor-size-default\">Aviso Legal<\/h1>\t\t\t\t<\/div>\n\t\t\t\t<\/div>\n\t\t\t\t\t<\/div>\n\t\t<\/div>\n\t\t\t\t\t<\/div>\n\t\t<\/section>\n\t\t\t\t<section class=\"elementor-section elementor-top-section elementor-element elementor-element-72b1366 elementor-section-boxed elementor-section-height-default elementor-section-height-default\" data-id=\"72b1366\" data-element_type=\"section\" data-e-type=\"section\">\n\t\t\t\t\t\t<div class=\"elementor-container elementor-column-gap-default\">\n\t\t\t\t\t<div class=\"elementor-column elementor-col-100 elementor-top-column elementor-element elementor-element-7a8ecd1\" data-id=\"7a8ecd1\" data-element_type=\"column\" data-e-type=\"column\">\n\t\t\t<div class=\"elementor-widget-wrap elementor-element-populated\">\n\t\t\t\t\t\t<div class=\"elementor-element elementor-element-d7adeaf elementor-widget elementor-widget-text-editor\" data-id=\"d7adeaf\" data-element_type=\"widget\" data-e-type=\"widget\" data-widget_type=\"text-editor.default\">\n\t\t\t\t<div class=\"elementor-widget-container\">\n\t\t\t\t\t\t\t\t\t<p>\u00daltima modificaci\u00f3n: 05 de abril 2025<\/p><p>Bienvenido a este espacio. Como usuario, es importante que conozcas estos t\u00e9rminos antes de continuar navegando.<br \/>Federaci\u00f3n Provincial de la Peque\u00f1a y Mediana Empresa del Metal de Las Palmas como responsable de esta p\u00e1gina Web, se compromete a procesar la informaci\u00f3n de nuestros usuarios y clientes con plenas garant\u00edas y cumplir con los requisitos nacionales y europeos que regulan la recopilaci\u00f3n y uso de datos personales de nuestros usuarios.<\/p><p>Esta p\u00e1gina Web, por lo tanto, cumple de forma rigurosa con la Ley Org\u00e1nica de Protecci\u00f3n de Datos Personales 3\/2018 (en adelante LOPDGDD) y dem\u00e1s normativa aplicable, con el Reglamento (UE) 2016\/679 del Parlamento Europeo y del Consejo de 27 de abril de 2016 relativo a la protecci\u00f3n de las personas f\u00edsicas (en adelante RGPD) y con la Ley 34\/2002, de 11 de julio, de Servicios de la Sociedad de la Informaci\u00f3n y Comercio Electr\u00f3nico (en adelante LSSICE).<\/p><p><strong>DATOS DEL RESPONSABLE<\/strong><\/p><p>Identidad del Responsable: Federaci\u00f3n Provincial de la Peque\u00f1a y Mediana Empresa del Metal de Las Palmas<\/p><p>Nombre comercial: FEMEPA<br \/>NIF\/CIF: G-35035534<br \/>Datos del registro: constituida al amparo de Ley 19\/1977, de 1 de abril, de Derecho de Asociaciones Sindical<\/p><p>Direcci\u00f3n: Le\u00f3n y Castillo, 89-4\u00ba, 35004 \u2013 Las Palmas de Gran Canaria<\/p><p>Correo electr\u00f3nico: protecciondedatos@femepa.es<\/p><p>Actividad: Actividades asociativas<\/p><p><strong>CONDICIONES GENERALES DE USO<\/strong><\/p><p>Las presentes Condiciones Generales regulan el uso (incluyendo el acceso) de las p\u00e1ginas Web integrantes del sitio Web de FEMEPA incluidos los contenidos y servicios puestos a disposici\u00f3n en ellas. Toda persona que acceda a la Web https:\/\/femepa.org (\u201cusuario\u201d) acepta someterse a las Condiciones Generales vigentes en cada momento. Por usuario se entiende a la persona que acceda, navegue, utilice o participe en los servicios y actividades desarrolladas en el sitio web.<\/p><p><strong>DATOS PERSONALES QUE RECOPILAMOS Y C\u00d3MO LO HACEMOS<\/strong><\/p><p>Los t\u00e9rminos relativos a la privacidad y protecci\u00f3n de datos, est\u00e1n estipulados en nuestra Pol\u00edtica de privacidad.<\/p><p><strong>PROPIEDAD INTELECTUAL<\/strong><\/p><p>Los derechos de propiedad intelectual del sitio Web https:\/\/femepa.org son titularidad de FEMEPA. Queda prohibida la reproducci\u00f3n, total o parcial, distribuci\u00f3n, comercializaci\u00f3n o transformaci\u00f3n de cualquiera de los contenidos de esta p\u00e1gina Web.<\/p><p><strong>RESPONSABILIDAD POR EL PROCESO Y USO DE LOS CONTENIDOS EN INTERNET<\/strong><\/p><p>FEMEPA no se responsabiliza del posible uso inapropiado que terceros realicen de esta p\u00e1gina Web, ni de la informaci\u00f3n que a trav\u00e9s de ella transmitan a terceros. El uso que de estos pueda hacer el usuario\/a y las eventuales consecuencias, da\u00f1os o perjuicios que pudiesen derivarse, son de la exclusiva responsabilidad del usuario. FEMEPA se reserva el derecho de ejercitar las acciones legales que considere oportunas derivadas de cualesquiera usos il\u00edcitos por parte de terceros de los contenidos de su aplicaci\u00f3n inform\u00e1tica. La utilizaci\u00f3n no autorizada de la informaci\u00f3n contenida en este portal, as\u00ed como la lesi\u00f3n de los derechos de Propiedad Intelectual, dar\u00e1 lugar a las responsabilidades legalmente establecidas.<\/p><p><strong>OBLIGACIONES Y COMPROMISOS DE LOS USUARIOS<\/strong><\/p><p>El usuario queda informado, y acepta que, el acceso a la presente web, no supone en modo alguno, el inicio de ning\u00fan tipo de relaci\u00f3n con FEMEPA De esta forma, el usuario se compromete a utilizar la Web, sus servicios y contenidos sin contravenir la legislaci\u00f3n vigente, la buena fe, los usos generalmente aceptados y el orden p\u00fablico. As\u00ed mismo, queda prohibido, el uso de la Web con fines il\u00edcitos o lesivos contra FEMEPA o cualquier tercero o que, de cualquier forma, puedan causar perjuicio o impedir el normal funcionamiento de la Web.<\/p><p>Respecto de los contenidos (informaciones, textos, gr\u00e1ficos, archivos de sonido y\/o imagen, fotograf\u00edas, dise\u00f1os, etc.), se proh\u00edbe:<br \/>Su reproducci\u00f3n, distribuci\u00f3n o modificaci\u00f3n, a menos que se cuente con la autorizaci\u00f3n de sus leg\u00edtimos titulares o resulte legalmente permitido.<\/p><p>Cualquier vulneraci\u00f3n de los derechos de la empresa o de sus leg\u00edtimos titulares sobre los mismos.<\/p><p>Su utilizaci\u00f3n para todo tipo de fines comerciales o publicitarios, distintos de los estrictamente permitidos.<\/p><p>Cualquier intento de obtener los contenidos de la Web por cualquier medio distinto de los que se pongan a disposici\u00f3n de los usuarios, as\u00ed como de los que habitualmente se empleen en la red, siempre que no causen perjuicio alguno a la Web de FEMEPA.<\/p><p>En la utilizaci\u00f3n de la web https:\/\/femepa.org el usuario se compromete a no llevar a cabo ninguna conducta que pudiera da\u00f1ar la imagen, los intereses y los derechos de FEMEPA o de terceros o que pudiera da\u00f1ar, inutilizar o sobrecargar el portal https:\/\/femepa.org o que impidiera, de cualquier forma, la normal utilizaci\u00f3n de la web.<\/p><p>No obstante, el usuario debe ser consciente de que las medidas de seguridad de los sistemas inform\u00e1ticos en Internet no son enteramente fiables y que, por tanto, FEMEPA no puede garantizar la inexistencia de malware u otros elementos que puedan producir alteraciones en los sistemas inform\u00e1ticos (software y hardware) del usuario o en sus documentos electr\u00f3nicos y ficheros contenidos en los mismos, aunque ponga todos los medios necesarios y las medidas de seguridad oportunas para evitar la presencia de estos elementos da\u00f1inos.<\/p><p><strong>MEDIDAS DE SEGURIDAD<\/strong><\/p><p>Los datos personales comunicados por el usuario a FEMEPA pueden ser almacenado de ficheros, cuya responsabilidad corresponde en exclusiva a FEMEPA, asumiendo esta todas las medidas de \u00edndole t\u00e9cnica, organizativa y de seguridad que garantizan la confidencialidad, integridad y calidad de la informaci\u00f3n contenida en las mismas de acuerdo con lo establecido en la normativa vigente en protecci\u00f3n de datos.<br \/>FEMEPA utiliza un canal seguro y los datos transmitidos son cifrados gracias a protocolos a https, por tanto, garantizamos las mejores condiciones de seguridad para que la confidencialidad de los usuarios est\u00e9 garantizada.<\/p><p><strong>JURISDICI\u00d3N Y LEY APLICABLE<br \/><\/strong><\/p><p>El presente Aviso Legal se regir\u00e1 e interpretar\u00e1 conforme a la legislaci\u00f3n espa\u00f1ola.<\/p><p>LA \u201cWEB\u201d y el Usuario, con renuncia expresa a cualquier otro fuero que pudiera corresponderles, se someten a los Juzgados y Tribunales de la ciudad de Las Palmas de Gran Canaria, Las Palmas (Espa\u00f1a), salvo que la normativa aplicable seg\u00fan el caso impida a las partes someterse a un fuero espec\u00edfico.<\/p>\t\t\t\t\t\t\t\t<\/div>\n\t\t\t\t<\/div>\n\t\t\t\t<div class=\"elementor-element elementor-element-c456628 linea-no-bottom elementor-widget-divider--view-line elementor-widget elementor-widget-divider\" data-id=\"c456628\" data-element_type=\"widget\" data-e-type=\"widget\" data-widget_type=\"divider.default\">\n\t\t\t\t<div class=\"elementor-widget-container\">\n\t\t\t\t\t\t\t<div class=\"elementor-divider\">\n\t\t\t<span class=\"elementor-divider-separator\">\n\t\t\t\t\t\t<\/span>\n\t\t<\/div>\n\t\t\t\t\t\t<\/div>\n\t\t\t\t<\/div>\n\t\t\t\t\t<\/div>\n\t\t<\/div>\n\t\t\t\t\t<\/div>\n\t\t<\/section>\n\t\t\t\t<section class=\"elementor-section elementor-top-section elementor-element elementor-element-ca0a5dd elementor-hidden-tablet elementor-hidden-mobile elementor-section-boxed elementor-section-height-default elementor-section-height-default\" data-id=\"ca0a5dd\" data-element_type=\"section\" data-e-type=\"section\" data-settings=\"{&quot;background_background&quot;:&quot;classic&quot;}\">\n\t\t\t\t\t\t<div class=\"elementor-container elementor-column-gap-default\">\n\t\t\t\t\t<div class=\"elementor-column elementor-col-100 elementor-top-column elementor-element elementor-element-c6f7b3e\" data-id=\"c6f7b3e\" data-element_type=\"column\" data-e-type=\"column\">\n\t\t\t<div class=\"elementor-widget-wrap elementor-element-populated\">\n\t\t\t\t\t\t<section class=\"elementor-section elementor-inner-section elementor-element elementor-element-1fea982 elementor-section-content-middle elementor-section-boxed elementor-section-height-default elementor-section-height-default elementor-invisible\" data-id=\"1fea982\" data-element_type=\"section\" data-e-type=\"section\" data-settings=\"{&quot;animation&quot;:&quot;fadeIn&quot;}\">\n\t\t\t\t\t\t<div class=\"elementor-container elementor-column-gap-default\">\n\t\t\t\t\t<div class=\"elementor-column elementor-col-11 elementor-inner-column elementor-element elementor-element-ee0dd46 elementor-hidden-tablet elementor-hidden-mobile\" data-id=\"ee0dd46\" data-element_type=\"column\" data-e-type=\"column\">\n\t\t\t<div class=\"elementor-widget-wrap\">\n\t\t\t\t\t\t\t<\/div>\n\t\t<\/div>\n\t\t\t\t<div class=\"elementor-column elementor-col-11 elementor-inner-column elementor-element elementor-element-1ad5a1f\" data-id=\"1ad5a1f\" data-element_type=\"column\" data-e-type=\"column\">\n\t\t\t<div class=\"elementor-widget-wrap elementor-element-populated\">\n\t\t\t\t\t\t<div class=\"elementor-element elementor-element-e97a4f7 elementor-widget elementor-widget-image\" data-id=\"e97a4f7\" data-element_type=\"widget\" data-e-type=\"widget\" data-widget_type=\"image.default\">\n\t\t\t\t<div class=\"elementor-widget-container\">\n\t\t\t\t\t\t\t\t\t\t\t\t\t\t\t<img decoding=\"async\" width=\"136\" height=\"74\" src=\"https:\/\/femepa.org\/web\/wp-content\/uploads\/2023\/09\/logo1.jpg\" class=\"attachment-large size-large wp-image-4121\" alt=\"logo confederacion canaria asociados\" \/>\t\t\t\t\t\t\t\t\t\t\t\t\t\t\t<\/div>\n\t\t\t\t<\/div>\n\t\t\t\t\t<\/div>\n\t\t<\/div>\n\t\t\t\t<div class=\"elementor-column elementor-col-11 elementor-inner-column elementor-element elementor-element-bf2e325\" data-id=\"bf2e325\" data-element_type=\"column\" data-e-type=\"column\">\n\t\t\t<div class=\"elementor-widget-wrap elementor-element-populated\">\n\t\t\t\t\t\t<div class=\"elementor-element elementor-element-b972357 elementor-widget__width-initial elementor-widget elementor-widget-image\" data-id=\"b972357\" data-element_type=\"widget\" data-e-type=\"widget\" data-widget_type=\"image.default\">\n\t\t\t\t<div class=\"elementor-widget-container\">\n\t\t\t\t\t\t\t\t\t\t\t\t\t\t\t<img decoding=\"async\" width=\"136\" height=\"74\" src=\"https:\/\/femepa.org\/web\/wp-content\/uploads\/2023\/09\/logo2.jpg\" class=\"attachment-large size-large wp-image-4122\" alt=\"logo crem\" \/>\t\t\t\t\t\t\t\t\t\t\t\t\t\t\t<\/div>\n\t\t\t\t<\/div>\n\t\t\t\t\t<\/div>\n\t\t<\/div>\n\t\t\t\t<div class=\"elementor-column elementor-col-11 elementor-inner-column elementor-element elementor-element-0799c02\" data-id=\"0799c02\" data-element_type=\"column\" data-e-type=\"column\">\n\t\t\t<div class=\"elementor-widget-wrap elementor-element-populated\">\n\t\t\t\t\t\t<div class=\"elementor-element elementor-element-1528fbf elementor-widget elementor-widget-image\" data-id=\"1528fbf\" data-element_type=\"widget\" data-e-type=\"widget\" data-widget_type=\"image.default\">\n\t\t\t\t<div class=\"elementor-widget-container\">\n\t\t\t\t\t\t\t\t\t\t\t\t\t\t\t<img decoding=\"async\" width=\"136\" height=\"74\" src=\"https:\/\/femepa.org\/web\/wp-content\/uploads\/2023\/09\/logo3.jpg\" class=\"attachment-large size-large wp-image-4123\" alt=\"logo confemetal\" \/>\t\t\t\t\t\t\t\t\t\t\t\t\t\t\t<\/div>\n\t\t\t\t<\/div>\n\t\t\t\t\t<\/div>\n\t\t<\/div>\n\t\t\t\t<div class=\"elementor-column elementor-col-11 elementor-inner-column elementor-element elementor-element-fdc0e28\" data-id=\"fdc0e28\" data-element_type=\"column\" data-e-type=\"column\">\n\t\t\t<div class=\"elementor-widget-wrap elementor-element-populated\">\n\t\t\t\t\t\t<div class=\"elementor-element elementor-element-67b508e elementor-widget elementor-widget-image\" data-id=\"67b508e\" data-element_type=\"widget\" data-e-type=\"widget\" data-widget_type=\"image.default\">\n\t\t\t\t<div class=\"elementor-widget-container\">\n\t\t\t\t\t\t\t\t\t\t\t\t\t\t\t<img loading=\"lazy\" decoding=\"async\" width=\"136\" height=\"74\" src=\"https:\/\/femepa.org\/web\/wp-content\/uploads\/2023\/09\/logo4.jpg\" class=\"attachment-large size-large wp-image-4124\" alt=\"logo ceoe\" \/>\t\t\t\t\t\t\t\t\t\t\t\t\t\t\t<\/div>\n\t\t\t\t<\/div>\n\t\t\t\t\t<\/div>\n\t\t<\/div>\n\t\t\t\t<div class=\"elementor-column elementor-col-11 elementor-inner-column elementor-element elementor-element-bb40e68\" data-id=\"bb40e68\" data-element_type=\"column\" data-e-type=\"column\">\n\t\t\t<div class=\"elementor-widget-wrap elementor-element-populated\">\n\t\t\t\t\t\t<div class=\"elementor-element elementor-element-cfacc36 elementor-widget elementor-widget-image\" data-id=\"cfacc36\" data-element_type=\"widget\" data-e-type=\"widget\" data-widget_type=\"image.default\">\n\t\t\t\t<div class=\"elementor-widget-container\">\n\t\t\t\t\t\t\t\t\t\t\t\t\t\t\t<img loading=\"lazy\" decoding=\"async\" width=\"136\" height=\"74\" src=\"https:\/\/femepa.org\/web\/wp-content\/uploads\/2023\/09\/logo5.jpg\" class=\"attachment-large size-large wp-image-4125\" alt=\"logo ventas\" \/>\t\t\t\t\t\t\t\t\t\t\t\t\t\t\t<\/div>\n\t\t\t\t<\/div>\n\t\t\t\t\t<\/div>\n\t\t<\/div>\n\t\t\t\t<div class=\"elementor-column elementor-col-11 elementor-inner-column elementor-element elementor-element-6c18017\" data-id=\"6c18017\" data-element_type=\"column\" data-e-type=\"column\">\n\t\t\t<div class=\"elementor-widget-wrap elementor-element-populated\">\n\t\t\t\t\t\t<div class=\"elementor-element elementor-element-bd96af0 elementor-widget elementor-widget-image\" data-id=\"bd96af0\" data-element_type=\"widget\" data-e-type=\"widget\" data-widget_type=\"image.default\">\n\t\t\t\t<div class=\"elementor-widget-container\">\n\t\t\t\t\t\t\t\t\t\t\t\t\t\t\t<img loading=\"lazy\" decoding=\"async\" width=\"136\" height=\"74\" src=\"https:\/\/femepa.org\/web\/wp-content\/uploads\/2023\/09\/logo6.jpg\" class=\"attachment-large size-large wp-image-4126\" alt=\"logo e\" \/>\t\t\t\t\t\t\t\t\t\t\t\t\t\t\t<\/div>\n\t\t\t\t<\/div>\n\t\t\t\t\t<\/div>\n\t\t<\/div>\n\t\t\t\t<div class=\"elementor-column elementor-col-11 elementor-inner-column elementor-element elementor-element-605e8b8\" data-id=\"605e8b8\" data-element_type=\"column\" data-e-type=\"column\">\n\t\t\t<div class=\"elementor-widget-wrap elementor-element-populated\">\n\t\t\t\t\t\t<div class=\"elementor-element elementor-element-1e246f9 elementor-widget elementor-widget-image\" data-id=\"1e246f9\" data-element_type=\"widget\" data-e-type=\"widget\" data-widget_type=\"image.default\">\n\t\t\t\t<div class=\"elementor-widget-container\">\n\t\t\t\t\t\t\t\t\t\t\t\t\t\t\t<img loading=\"lazy\" decoding=\"async\" width=\"136\" height=\"74\" src=\"https:\/\/femepa.org\/web\/wp-content\/uploads\/2023\/09\/logo7.jpg\" class=\"attachment-large size-large wp-image-4127\" alt=\"logo redcide\" \/>\t\t\t\t\t\t\t\t\t\t\t\t\t\t\t<\/div>\n\t\t\t\t<\/div>\n\t\t\t\t\t<\/div>\n\t\t<\/div>\n\t\t\t\t<div class=\"elementor-column elementor-col-11 elementor-inner-column elementor-element elementor-element-526537c elementor-hidden-tablet elementor-hidden-mobile\" data-id=\"526537c\" data-element_type=\"column\" data-e-type=\"column\">\n\t\t\t<div class=\"elementor-widget-wrap\">\n\t\t\t\t\t\t\t<\/div>\n\t\t<\/div>\n\t\t\t\t\t<\/div>\n\t\t<\/section>\n\t\t\t\t<section class=\"elementor-section elementor-inner-section elementor-element elementor-element-b2edd82 servicios-block elementor-section-boxed elementor-section-height-default elementor-section-height-default elementor-invisible\" data-id=\"b2edd82\" data-element_type=\"section\" data-e-type=\"section\" data-settings=\"{&quot;animation&quot;:&quot;fadeIn&quot;,&quot;animation_delay&quot;:500}\">\n\t\t\t\t\t\t<div class=\"elementor-container elementor-column-gap-default\">\n\t\t\t\t\t<div class=\"elementor-column elementor-col-14 elementor-inner-column elementor-element elementor-element-45334bb elementor-hidden-tablet elementor-hidden-mobile\" data-id=\"45334bb\" data-element_type=\"column\" data-e-type=\"column\">\n\t\t\t<div class=\"elementor-widget-wrap\">\n\t\t\t\t\t\t\t<\/div>\n\t\t<\/div>\n\t\t\t\t<div class=\"elementor-column elementor-col-14 elementor-inner-column elementor-element elementor-element-c67d5c9\" data-id=\"c67d5c9\" data-element_type=\"column\" data-e-type=\"column\">\n\t\t\t<div class=\"elementor-widget-wrap elementor-element-populated\">\n\t\t\t\t\t\t<div class=\"elementor-element elementor-element-bc1e7ce elementor-widget elementor-widget-image\" data-id=\"bc1e7ce\" data-element_type=\"widget\" data-e-type=\"widget\" data-widget_type=\"image.default\">\n\t\t\t\t<div class=\"elementor-widget-container\">\n\t\t\t\t\t\t\t\t\t\t\t\t\t\t\t<img loading=\"lazy\" decoding=\"async\" width=\"136\" height=\"74\" src=\"https:\/\/femepa.org\/web\/wp-content\/uploads\/2023\/09\/logo8.jpg\" class=\"attachment-large size-large wp-image-4128\" alt=\"logo pidi\" \/>\t\t\t\t\t\t\t\t\t\t\t\t\t\t\t<\/div>\n\t\t\t\t<\/div>\n\t\t\t\t\t<\/div>\n\t\t<\/div>\n\t\t\t\t<div class=\"elementor-column elementor-col-14 elementor-inner-column elementor-element elementor-element-c9dd3e3\" data-id=\"c9dd3e3\" data-element_type=\"column\" data-e-type=\"column\">\n\t\t\t<div class=\"elementor-widget-wrap elementor-element-populated\">\n\t\t\t\t\t\t<div class=\"elementor-element elementor-element-725a867 elementor-widget elementor-widget-image\" data-id=\"725a867\" data-element_type=\"widget\" data-e-type=\"widget\" data-widget_type=\"image.default\">\n\t\t\t\t<div class=\"elementor-widget-container\">\n\t\t\t\t\t\t\t\t\t\t\t\t\t\t\t<img loading=\"lazy\" decoding=\"async\" width=\"136\" height=\"74\" src=\"https:\/\/femepa.org\/web\/wp-content\/uploads\/2023\/09\/logo9.jpg\" class=\"attachment-large size-large wp-image-4129\" alt=\"logo acelera pyme\" \/>\t\t\t\t\t\t\t\t\t\t\t\t\t\t\t<\/div>\n\t\t\t\t<\/div>\n\t\t\t\t\t<\/div>\n\t\t<\/div>\n\t\t\t\t<div class=\"elementor-column elementor-col-14 elementor-inner-column elementor-element elementor-element-6152d21\" data-id=\"6152d21\" data-element_type=\"column\" data-e-type=\"column\">\n\t\t\t<div class=\"elementor-widget-wrap elementor-element-populated\">\n\t\t\t\t\t\t<div class=\"elementor-element elementor-element-5244a66 elementor-widget elementor-widget-image\" data-id=\"5244a66\" data-element_type=\"widget\" data-e-type=\"widget\" data-widget_type=\"image.default\">\n\t\t\t\t<div class=\"elementor-widget-container\">\n\t\t\t\t\t\t\t\t\t\t\t\t\t\t\t<img loading=\"lazy\" decoding=\"async\" width=\"136\" height=\"74\" src=\"https:\/\/femepa.org\/web\/wp-content\/uploads\/2023\/09\/logo10.jpg\" class=\"attachment-large size-large wp-image-4130\" alt=\"logo ods\" \/>\t\t\t\t\t\t\t\t\t\t\t\t\t\t\t<\/div>\n\t\t\t\t<\/div>\n\t\t\t\t\t<\/div>\n\t\t<\/div>\n\t\t\t\t<div class=\"elementor-column elementor-col-14 elementor-inner-column elementor-element elementor-element-313e21a\" data-id=\"313e21a\" data-element_type=\"column\" data-e-type=\"column\">\n\t\t\t<div class=\"elementor-widget-wrap elementor-element-populated\">\n\t\t\t\t\t\t<div class=\"elementor-element elementor-element-f52fac7 elementor-widget elementor-widget-image\" data-id=\"f52fac7\" data-element_type=\"widget\" data-e-type=\"widget\" data-widget_type=\"image.default\">\n\t\t\t\t<div class=\"elementor-widget-container\">\n\t\t\t\t\t\t\t\t\t\t\t\t\t\t\t<img loading=\"lazy\" decoding=\"async\" width=\"136\" height=\"74\" src=\"https:\/\/femepa.org\/web\/wp-content\/uploads\/2023\/09\/logo11.jpg\" class=\"attachment-large size-large wp-image-4131\" alt=\"logo igualdad\" \/>\t\t\t\t\t\t\t\t\t\t\t\t\t\t\t<\/div>\n\t\t\t\t<\/div>\n\t\t\t\t\t<\/div>\n\t\t<\/div>\n\t\t\t\t<div class=\"elementor-column elementor-col-14 elementor-inner-column elementor-element elementor-element-a9874c1\" data-id=\"a9874c1\" data-element_type=\"column\" data-e-type=\"column\">\n\t\t\t<div class=\"elementor-widget-wrap elementor-element-populated\">\n\t\t\t\t\t\t<div class=\"elementor-element elementor-element-b116b51 elementor-widget elementor-widget-image\" data-id=\"b116b51\" data-element_type=\"widget\" data-e-type=\"widget\" data-widget_type=\"image.default\">\n\t\t\t\t<div class=\"elementor-widget-container\">\n\t\t\t\t\t\t\t\t\t\t\t\t\t\t\t<img loading=\"lazy\" decoding=\"async\" width=\"136\" height=\"74\" src=\"https:\/\/femepa.org\/web\/wp-content\/uploads\/2023\/09\/logo12.jpg\" class=\"attachment-large size-large wp-image-4132\" alt=\"\" \/>\t\t\t\t\t\t\t\t\t\t\t\t\t\t\t<\/div>\n\t\t\t\t<\/div>\n\t\t\t\t\t<\/div>\n\t\t<\/div>\n\t\t\t\t<div class=\"elementor-column elementor-col-14 elementor-inner-column elementor-element elementor-element-aa7c51c elementor-hidden-tablet elementor-hidden-mobile\" data-id=\"aa7c51c\" data-element_type=\"column\" data-e-type=\"column\">\n\t\t\t<div class=\"elementor-widget-wrap\">\n\t\t\t\t\t\t\t<\/div>\n\t\t<\/div>\n\t\t\t\t\t<\/div>\n\t\t<\/section>\n\t\t\t\t\t<\/div>\n\t\t<\/div>\n\t\t\t\t\t<\/div>\n\t\t<\/section>\n\t\t\t\t<\/div>\n\t\t","protected":false},"excerpt":{"rendered":"<p>Aviso Legal \u00daltima modificaci\u00f3n: 05 de abril 2025 Bienvenido a este espacio. Como usuario, es importante que conozcas estos t\u00e9rminos antes de continuar navegando.Federaci\u00f3n Provincial de la Peque\u00f1a y Mediana Empresa del Metal de Las Palmas como responsable de esta p\u00e1gina Web, se compromete a procesar la informaci\u00f3n de nuestros usuarios y clientes con plenas [&hellip;]<\/p>\n","protected":false},"author":1,"featured_media":0,"parent":0,"menu_order":0,"comment_status":"closed","ping_status":"closed","template":"template-homepage.php","meta":{"_acf_changed":false,"rs_blank_template":"","rs_page_bg_color":"","slide_template_v7":"","footnotes":""},"class_list":["post-40801","page","type-page","status-publish","hentry"],"acf":[],"_links":{"self":[{"href":"https:\/\/femepa.org\/web\/wp-json\/wp\/v2\/pages\/40801","targetHints":{"allow":["GET"]}}],"collection":[{"href":"https:\/\/femepa.org\/web\/wp-json\/wp\/v2\/pages"}],"about":[{"href":"https:\/\/femepa.org\/web\/wp-json\/wp\/v2\/types\/page"}],"author":[{"embeddable":true,"href":"https:\/\/femepa.org\/web\/wp-json\/wp\/v2\/users\/1"}],"replies":[{"embeddable":true,"href":"https:\/\/femepa.org\/web\/wp-json\/wp\/v2\/comments?post=40801"}],"version-history":[{"count":13,"href":"https:\/\/femepa.org\/web\/wp-json\/wp\/v2\/pages\/40801\/revisions"}],"predecessor-version":[{"id":50284,"href":"https:\/\/femepa.org\/web\/wp-json\/wp\/v2\/pages\/40801\/revisions\/50284"}],"wp:attachment":[{"href":"https:\/\/femepa.org\/web\/wp-json\/wp\/v2\/media?parent=40801"}],"curies":[{"name":"wp","href":"https:\/\/api.w.org\/{rel}","templated":true}]}}