{"id":50502,"date":"2025-11-13T12:55:02","date_gmt":"2025-11-13T12:55:02","guid":{"rendered":"https:\/\/femepa.org\/web\/?page_id=50502"},"modified":"2025-11-16T21:40:38","modified_gmt":"2025-11-16T21:40:38","slug":"accesibilidad-web","status":"publish","type":"page","link":"https:\/\/femepa.org\/web\/accesibilidad-web\/","title":{"rendered":"Accesibilidad WEB"},"content":{"rendered":"\t\t<div data-elementor-type=\"wp-page\" data-elementor-id=\"50502\" class=\"elementor elementor-50502\" data-elementor-post-type=\"page\">\n\t\t\t\t\t\t<section class=\"elementor-section elementor-top-section elementor-element elementor-element-521d029 elementor-section-boxed elementor-section-height-default elementor-section-height-default\" data-id=\"521d029\" data-element_type=\"section\" data-e-type=\"section\" data-settings=\"{&quot;background_background&quot;:&quot;classic&quot;}\">\n\t\t\t\t\t\t\t<div class=\"elementor-background-overlay\"><\/div>\n\t\t\t\t\t\t\t<div class=\"elementor-container elementor-column-gap-default\">\n\t\t\t\t\t<div class=\"elementor-column elementor-col-100 elementor-top-column elementor-element elementor-element-1f6179a\" data-id=\"1f6179a\" data-element_type=\"column\" data-e-type=\"column\">\n\t\t\t<div class=\"elementor-widget-wrap elementor-element-populated\">\n\t\t\t\t\t\t<div class=\"elementor-element elementor-element-5fae20e elementor-widget elementor-widget-heading\" data-id=\"5fae20e\" data-element_type=\"widget\" data-e-type=\"widget\" data-widget_type=\"heading.default\">\n\t\t\t\t<div class=\"elementor-widget-container\">\n\t\t\t\t\t<h1 class=\"elementor-heading-title elementor-size-default\">Accesibilidad WEB<\/h1>\t\t\t\t<\/div>\n\t\t\t\t<\/div>\n\t\t\t\t\t<\/div>\n\t\t<\/div>\n\t\t\t\t\t<\/div>\n\t\t<\/section>\n\t\t\t\t<section class=\"elementor-section elementor-top-section elementor-element elementor-element-72b1366 elementor-section-boxed elementor-section-height-default elementor-section-height-default\" data-id=\"72b1366\" data-element_type=\"section\" data-e-type=\"section\">\n\t\t\t\t\t\t<div class=\"elementor-container elementor-column-gap-default\">\n\t\t\t\t\t<div class=\"elementor-column elementor-col-100 elementor-top-column elementor-element elementor-element-7a8ecd1\" data-id=\"7a8ecd1\" data-element_type=\"column\" data-e-type=\"column\">\n\t\t\t<div class=\"elementor-widget-wrap elementor-element-populated\">\n\t\t\t\t\t\t<div class=\"elementor-element elementor-element-edcdb53 elementor-widget elementor-widget-image\" data-id=\"edcdb53\" data-element_type=\"widget\" data-e-type=\"widget\" data-widget_type=\"image.default\">\n\t\t\t\t<div class=\"elementor-widget-container\">\n\t\t\t\t\t\t\t\t\t\t\t\t\t\t\t<img fetchpriority=\"high\" decoding=\"async\" width=\"389\" height=\"388\" src=\"https:\/\/femepa.org\/web\/wp-content\/uploads\/2025\/11\/Accesibilidad_1.avif\" class=\"attachment-full size-full wp-image-50618\" alt=\"\" srcset=\"https:\/\/femepa.org\/web\/wp-content\/uploads\/2025\/11\/Accesibilidad_1.avif 389w, https:\/\/femepa.org\/web\/wp-content\/uploads\/2025\/11\/Accesibilidad_1-300x300.avif 300w, https:\/\/femepa.org\/web\/wp-content\/uploads\/2025\/11\/Accesibilidad_1-150x150.avif 150w\" sizes=\"(max-width: 389px) 100vw, 389px\" \/>\t\t\t\t\t\t\t\t\t\t\t\t\t\t\t<\/div>\n\t\t\t\t<\/div>\n\t\t\t\t<div class=\"elementor-element elementor-element-d7adeaf elementor-widget__width-initial elementor-widget elementor-widget-text-editor\" data-id=\"d7adeaf\" data-element_type=\"widget\" data-e-type=\"widget\" data-widget_type=\"text-editor.default\">\n\t\t\t\t<div class=\"elementor-widget-container\">\n\t\t\t\t\t\t\t\t\t<p><\/p>\n<p>&nbsp; &nbsp; &nbsp;La accesibilidad web es el dise\u00f1o y desarrollo de sitios y aplicaciones web que sean utilizables por todas las personas, incluidas aquellas con discapacidades, para que puedan percibir, comprender, navegar e interactuar con el contenido en l\u00ednea. Esto se logra mediante pr\u00e1cticas inclusivas que hacen el contenido m\u00e1s comprensible, operable y robusto para usuarios con diversas capacidades f\u00edsicas, cognitivas o tecnol\u00f3gicas, adem\u00e1s de considerar contextos de uso variados (como redes lentas o dispositivos m\u00f3viles).<\/p>\n<p><br><\/p>\n<h4 class=\"Y3BBE\" data-hveid=\"CAEIABAC\">Principios Clave:<\/h4>\n<ul class=\"KsbFXc U6u95\">\n<li style=\"list-style-type: none;\">\n<ul class=\"KsbFXc U6u95\">\n<li data-hveid=\"CAEIABAI\"><span class=\"T286Pc\" data-sfc-cp=\"\"><strong class=\"Yjhzub\">Perceptible:<\/strong>&nbsp;El contenido debe presentarse de forma que los usuarios puedan percibirlo, lo que incluye proporcionar texto alternativo para im\u00e1genes y subt\u00edtulos para videos.<\/span><\/li>\n<li data-hveid=\"CAEIABAJ\"><span class=\"T286Pc\" data-sfc-cp=\"\"><strong class=\"Yjhzub\">Operable:<\/strong>&nbsp;La interfaz y la navegaci\u00f3n deben ser operables con diferentes m\u00e9todos, como la navegaci\u00f3n por teclado, ya que algunas tecnolog\u00edas de asistencia dependen de ella<span id=\"iv9gVaauIAeWnkdUP3M_6-A8_1\">.<\/span><\/span><\/li>\n<li data-hveid=\"CAEIABAJ\"><span class=\"T286Pc\" data-sfc-cp=\"\"><strong class=\"Yjhzub\">Comprensible:<\/strong>&nbsp;La informaci\u00f3n y el funcionamiento de la interfaz deben ser comprensibles, evitando ambig\u00fcedades y utilizando un lenguaje claro.<\/span><\/li>\n<li data-hveid=\"CAEIABAJ\"><span class=\"T286Pc\" data-sfc-cp=\"\"><strong class=\"Yjhzub\">Robusto:<\/strong>&nbsp;El contenido debe ser lo suficientemente robusto para ser interpretado de manera fiable por una amplia variedad de tecnolog\u00edas de asistencia, incluidos los navegadores y lectores de pantalla.<\/span><span class=\"uJ19be notranslate\" data-wiz-uids=\"AyY9Ab_10,AyY9Ab_11,AyY9Ab_12\"><span class=\"vKEkVd\" data-animation-atomic=\"\">&nbsp;<\/span><\/span><\/li>\n<p><br><\/p><\/ul>\n<\/li>\n<\/ul>\n<p><strong>E<i>ste sitio web sigue las recomendaciones de la Iniciativa de Accesibilidad Web, WAI, del W3C (recomendaciones WCAG 2.0\/2.1) para su dise\u00f1o y contenidos, manteniendo el compromiso de superar al menos los criterios de prioridad 2 (Tipolog\u00eda AA) en accesibilidad de todo el sitio Web.<\/i><em>&nbsp;Las p\u00e1ginas incluyen un bot\u00f3n en la esquina inferior derecha, que permite adaptar dichas p\u00e1ginas a las necesidades de cada usuario.<\/em><\/strong><\/p>\t\t\t\t\t\t\t\t<\/div>\n\t\t\t\t<\/div>\n\t\t\t\t<div class=\"elementor-element elementor-element-c456628 linea-no-bottom elementor-widget-divider--view-line elementor-widget elementor-widget-divider\" data-id=\"c456628\" data-element_type=\"widget\" data-e-type=\"widget\" data-widget_type=\"divider.default\">\n\t\t\t\t<div class=\"elementor-widget-container\">\n\t\t\t\t\t\t\t<div class=\"elementor-divider\">\n\t\t\t<span class=\"elementor-divider-separator\">\n\t\t\t\t\t\t<\/span>\n\t\t<\/div>\n\t\t\t\t\t\t<\/div>\n\t\t\t\t<\/div>\n\t\t\t\t<div class=\"elementor-element elementor-element-18e6e53 elementor-widget elementor-widget-text-editor\" data-id=\"18e6e53\" data-element_type=\"widget\" data-e-type=\"widget\" data-widget_type=\"text-editor.default\">\n\t\t\t\t<div class=\"elementor-widget-container\">\n\t\t\t\t\t\t\t\t\t<p>\u00a0 \u00a0 \u00a0 Si encuentra alg\u00fan problema de accesibilidad en nuestra WEB, ay\u00fadenos a mejorar rellenando el siguiente <a href=\"https:\/\/femepa.org\/web\/accesibilidad-web-formulario\/\" rel=\"noopener\">formulario<\/a>. <br \/>Muchas gracias por su colaboraci\u00f3n.<\/p>\t\t\t\t\t\t\t\t<\/div>\n\t\t\t\t<\/div>\n\t\t\t\t\t<\/div>\n\t\t<\/div>\n\t\t\t\t\t<\/div>\n\t\t<\/section>\n\t\t\t\t<section class=\"elementor-section elementor-top-section elementor-element elementor-element-ca0a5dd elementor-hidden-tablet elementor-hidden-mobile elementor-section-boxed elementor-section-height-default elementor-section-height-default\" data-id=\"ca0a5dd\" data-element_type=\"section\" data-e-type=\"section\" data-settings=\"{&quot;background_background&quot;:&quot;classic&quot;}\">\n\t\t\t\t\t\t<div class=\"elementor-container elementor-column-gap-default\">\n\t\t\t\t\t<div class=\"elementor-column elementor-col-100 elementor-top-column elementor-element elementor-element-c6f7b3e\" data-id=\"c6f7b3e\" data-element_type=\"column\" data-e-type=\"column\">\n\t\t\t<div class=\"elementor-widget-wrap elementor-element-populated\">\n\t\t\t\t\t\t<section class=\"elementor-section elementor-inner-section elementor-element elementor-element-1fea982 elementor-section-content-middle elementor-section-boxed elementor-section-height-default elementor-section-height-default elementor-invisible\" data-id=\"1fea982\" data-element_type=\"section\" data-e-type=\"section\" data-settings=\"{&quot;animation&quot;:&quot;fadeIn&quot;}\">\n\t\t\t\t\t\t<div class=\"elementor-container elementor-column-gap-default\">\n\t\t\t\t\t<div class=\"elementor-column elementor-col-11 elementor-inner-column elementor-element elementor-element-ee0dd46 elementor-hidden-tablet elementor-hidden-mobile\" data-id=\"ee0dd46\" data-element_type=\"column\" data-e-type=\"column\">\n\t\t\t<div class=\"elementor-widget-wrap\">\n\t\t\t\t\t\t\t<\/div>\n\t\t<\/div>\n\t\t\t\t<div class=\"elementor-column elementor-col-11 elementor-inner-column elementor-element elementor-element-1ad5a1f\" data-id=\"1ad5a1f\" data-element_type=\"column\" data-e-type=\"column\">\n\t\t\t<div class=\"elementor-widget-wrap elementor-element-populated\">\n\t\t\t\t\t\t<div class=\"elementor-element elementor-element-e97a4f7 elementor-widget elementor-widget-image\" data-id=\"e97a4f7\" data-element_type=\"widget\" data-e-type=\"widget\" data-widget_type=\"image.default\">\n\t\t\t\t<div class=\"elementor-widget-container\">\n\t\t\t\t\t\t\t\t\t\t\t\t\t\t\t<img decoding=\"async\" width=\"136\" height=\"74\" src=\"https:\/\/femepa.org\/web\/wp-content\/uploads\/2023\/09\/logo1.jpg\" class=\"attachment-large size-large wp-image-4121\" alt=\"logo confederacion canaria asociados\" \/>\t\t\t\t\t\t\t\t\t\t\t\t\t\t\t<\/div>\n\t\t\t\t<\/div>\n\t\t\t\t\t<\/div>\n\t\t<\/div>\n\t\t\t\t<div class=\"elementor-column elementor-col-11 elementor-inner-column elementor-element elementor-element-bf2e325\" data-id=\"bf2e325\" data-element_type=\"column\" data-e-type=\"column\">\n\t\t\t<div class=\"elementor-widget-wrap elementor-element-populated\">\n\t\t\t\t\t\t<div class=\"elementor-element elementor-element-b972357 elementor-widget__width-initial elementor-widget elementor-widget-image\" data-id=\"b972357\" data-element_type=\"widget\" data-e-type=\"widget\" data-widget_type=\"image.default\">\n\t\t\t\t<div class=\"elementor-widget-container\">\n\t\t\t\t\t\t\t\t\t\t\t\t\t\t\t<img decoding=\"async\" width=\"136\" height=\"74\" src=\"https:\/\/femepa.org\/web\/wp-content\/uploads\/2023\/09\/logo2.jpg\" class=\"attachment-large size-large wp-image-4122\" alt=\"logo crem\" \/>\t\t\t\t\t\t\t\t\t\t\t\t\t\t\t<\/div>\n\t\t\t\t<\/div>\n\t\t\t\t\t<\/div>\n\t\t<\/div>\n\t\t\t\t<div class=\"elementor-column elementor-col-11 elementor-inner-column elementor-element elementor-element-0799c02\" data-id=\"0799c02\" data-element_type=\"column\" data-e-type=\"column\">\n\t\t\t<div class=\"elementor-widget-wrap elementor-element-populated\">\n\t\t\t\t\t\t<div class=\"elementor-element elementor-element-1528fbf elementor-widget elementor-widget-image\" data-id=\"1528fbf\" data-element_type=\"widget\" data-e-type=\"widget\" data-widget_type=\"image.default\">\n\t\t\t\t<div class=\"elementor-widget-container\">\n\t\t\t\t\t\t\t\t\t\t\t\t\t\t\t<img loading=\"lazy\" decoding=\"async\" width=\"136\" height=\"74\" src=\"https:\/\/femepa.org\/web\/wp-content\/uploads\/2023\/09\/logo3.jpg\" class=\"attachment-large size-large wp-image-4123\" alt=\"logo confemetal\" \/>\t\t\t\t\t\t\t\t\t\t\t\t\t\t\t<\/div>\n\t\t\t\t<\/div>\n\t\t\t\t\t<\/div>\n\t\t<\/div>\n\t\t\t\t<div class=\"elementor-column elementor-col-11 elementor-inner-column elementor-element elementor-element-fdc0e28\" data-id=\"fdc0e28\" data-element_type=\"column\" data-e-type=\"column\">\n\t\t\t<div class=\"elementor-widget-wrap elementor-element-populated\">\n\t\t\t\t\t\t<div class=\"elementor-element elementor-element-67b508e elementor-widget elementor-widget-image\" data-id=\"67b508e\" data-element_type=\"widget\" data-e-type=\"widget\" data-widget_type=\"image.default\">\n\t\t\t\t<div class=\"elementor-widget-container\">\n\t\t\t\t\t\t\t\t\t\t\t\t\t\t\t<img loading=\"lazy\" decoding=\"async\" width=\"136\" height=\"74\" src=\"https:\/\/femepa.org\/web\/wp-content\/uploads\/2023\/09\/logo4.jpg\" class=\"attachment-large size-large wp-image-4124\" alt=\"logo ceoe\" \/>\t\t\t\t\t\t\t\t\t\t\t\t\t\t\t<\/div>\n\t\t\t\t<\/div>\n\t\t\t\t\t<\/div>\n\t\t<\/div>\n\t\t\t\t<div class=\"elementor-column elementor-col-11 elementor-inner-column elementor-element elementor-element-bb40e68\" data-id=\"bb40e68\" data-element_type=\"column\" data-e-type=\"column\">\n\t\t\t<div class=\"elementor-widget-wrap elementor-element-populated\">\n\t\t\t\t\t\t<div class=\"elementor-element elementor-element-cfacc36 elementor-widget elementor-widget-image\" data-id=\"cfacc36\" data-element_type=\"widget\" data-e-type=\"widget\" data-widget_type=\"image.default\">\n\t\t\t\t<div class=\"elementor-widget-container\">\n\t\t\t\t\t\t\t\t\t\t\t\t\t\t\t<img loading=\"lazy\" decoding=\"async\" width=\"136\" height=\"74\" src=\"https:\/\/femepa.org\/web\/wp-content\/uploads\/2023\/09\/logo5.jpg\" class=\"attachment-large size-large wp-image-4125\" alt=\"logo ventas\" \/>\t\t\t\t\t\t\t\t\t\t\t\t\t\t\t<\/div>\n\t\t\t\t<\/div>\n\t\t\t\t\t<\/div>\n\t\t<\/div>\n\t\t\t\t<div class=\"elementor-column elementor-col-11 elementor-inner-column elementor-element elementor-element-6c18017\" data-id=\"6c18017\" data-element_type=\"column\" data-e-type=\"column\">\n\t\t\t<div class=\"elementor-widget-wrap elementor-element-populated\">\n\t\t\t\t\t\t<div class=\"elementor-element elementor-element-bd96af0 elementor-widget elementor-widget-image\" data-id=\"bd96af0\" data-element_type=\"widget\" data-e-type=\"widget\" data-widget_type=\"image.default\">\n\t\t\t\t<div class=\"elementor-widget-container\">\n\t\t\t\t\t\t\t\t\t\t\t\t\t\t\t<img loading=\"lazy\" decoding=\"async\" width=\"136\" height=\"74\" src=\"https:\/\/femepa.org\/web\/wp-content\/uploads\/2023\/09\/logo6.jpg\" class=\"attachment-large size-large wp-image-4126\" alt=\"logo e\" \/>\t\t\t\t\t\t\t\t\t\t\t\t\t\t\t<\/div>\n\t\t\t\t<\/div>\n\t\t\t\t\t<\/div>\n\t\t<\/div>\n\t\t\t\t<div class=\"elementor-column elementor-col-11 elementor-inner-column elementor-element elementor-element-605e8b8\" data-id=\"605e8b8\" data-element_type=\"column\" data-e-type=\"column\">\n\t\t\t<div class=\"elementor-widget-wrap elementor-element-populated\">\n\t\t\t\t\t\t<div class=\"elementor-element elementor-element-1e246f9 elementor-widget elementor-widget-image\" data-id=\"1e246f9\" data-element_type=\"widget\" data-e-type=\"widget\" data-widget_type=\"image.default\">\n\t\t\t\t<div class=\"elementor-widget-container\">\n\t\t\t\t\t\t\t\t\t\t\t\t\t\t\t<img loading=\"lazy\" decoding=\"async\" width=\"136\" height=\"74\" src=\"https:\/\/femepa.org\/web\/wp-content\/uploads\/2023\/09\/logo7.jpg\" class=\"attachment-large size-large wp-image-4127\" alt=\"logo redcide\" \/>\t\t\t\t\t\t\t\t\t\t\t\t\t\t\t<\/div>\n\t\t\t\t<\/div>\n\t\t\t\t\t<\/div>\n\t\t<\/div>\n\t\t\t\t<div class=\"elementor-column elementor-col-11 elementor-inner-column elementor-element elementor-element-526537c elementor-hidden-tablet elementor-hidden-mobile\" data-id=\"526537c\" data-element_type=\"column\" data-e-type=\"column\">\n\t\t\t<div class=\"elementor-widget-wrap\">\n\t\t\t\t\t\t\t<\/div>\n\t\t<\/div>\n\t\t\t\t\t<\/div>\n\t\t<\/section>\n\t\t\t\t<section class=\"elementor-section elementor-inner-section elementor-element elementor-element-b2edd82 servicios-block elementor-section-boxed elementor-section-height-default elementor-section-height-default elementor-invisible\" data-id=\"b2edd82\" data-element_type=\"section\" data-e-type=\"section\" data-settings=\"{&quot;animation&quot;:&quot;fadeIn&quot;,&quot;animation_delay&quot;:500}\">\n\t\t\t\t\t\t<div class=\"elementor-container elementor-column-gap-default\">\n\t\t\t\t\t<div class=\"elementor-column elementor-col-14 elementor-inner-column elementor-element elementor-element-45334bb elementor-hidden-tablet elementor-hidden-mobile\" data-id=\"45334bb\" data-element_type=\"column\" data-e-type=\"column\">\n\t\t\t<div class=\"elementor-widget-wrap\">\n\t\t\t\t\t\t\t<\/div>\n\t\t<\/div>\n\t\t\t\t<div class=\"elementor-column elementor-col-14 elementor-inner-column elementor-element elementor-element-c67d5c9\" data-id=\"c67d5c9\" data-element_type=\"column\" data-e-type=\"column\">\n\t\t\t<div class=\"elementor-widget-wrap elementor-element-populated\">\n\t\t\t\t\t\t<div class=\"elementor-element elementor-element-bc1e7ce elementor-widget elementor-widget-image\" data-id=\"bc1e7ce\" data-element_type=\"widget\" data-e-type=\"widget\" data-widget_type=\"image.default\">\n\t\t\t\t<div class=\"elementor-widget-container\">\n\t\t\t\t\t\t\t\t\t\t\t\t\t\t\t<img loading=\"lazy\" decoding=\"async\" width=\"136\" height=\"74\" src=\"https:\/\/femepa.org\/web\/wp-content\/uploads\/2023\/09\/logo8.jpg\" class=\"attachment-large size-large wp-image-4128\" alt=\"logo pidi\" \/>\t\t\t\t\t\t\t\t\t\t\t\t\t\t\t<\/div>\n\t\t\t\t<\/div>\n\t\t\t\t\t<\/div>\n\t\t<\/div>\n\t\t\t\t<div class=\"elementor-column elementor-col-14 elementor-inner-column elementor-element elementor-element-c9dd3e3\" data-id=\"c9dd3e3\" data-element_type=\"column\" data-e-type=\"column\">\n\t\t\t<div class=\"elementor-widget-wrap elementor-element-populated\">\n\t\t\t\t\t\t<div class=\"elementor-element elementor-element-725a867 elementor-widget elementor-widget-image\" data-id=\"725a867\" data-element_type=\"widget\" data-e-type=\"widget\" data-widget_type=\"image.default\">\n\t\t\t\t<div class=\"elementor-widget-container\">\n\t\t\t\t\t\t\t\t\t\t\t\t\t\t\t<img loading=\"lazy\" decoding=\"async\" width=\"136\" height=\"74\" src=\"https:\/\/femepa.org\/web\/wp-content\/uploads\/2023\/09\/logo9.jpg\" class=\"attachment-large size-large wp-image-4129\" alt=\"logo acelera pyme\" \/>\t\t\t\t\t\t\t\t\t\t\t\t\t\t\t<\/div>\n\t\t\t\t<\/div>\n\t\t\t\t\t<\/div>\n\t\t<\/div>\n\t\t\t\t<div class=\"elementor-column elementor-col-14 elementor-inner-column elementor-element elementor-element-6152d21\" data-id=\"6152d21\" data-element_type=\"column\" data-e-type=\"column\">\n\t\t\t<div class=\"elementor-widget-wrap elementor-element-populated\">\n\t\t\t\t\t\t<div class=\"elementor-element elementor-element-5244a66 elementor-widget elementor-widget-image\" data-id=\"5244a66\" data-element_type=\"widget\" data-e-type=\"widget\" data-widget_type=\"image.default\">\n\t\t\t\t<div class=\"elementor-widget-container\">\n\t\t\t\t\t\t\t\t\t\t\t\t\t\t\t<img loading=\"lazy\" decoding=\"async\" width=\"136\" height=\"74\" src=\"https:\/\/femepa.org\/web\/wp-content\/uploads\/2023\/09\/logo10.jpg\" class=\"attachment-large size-large wp-image-4130\" alt=\"logo ods\" \/>\t\t\t\t\t\t\t\t\t\t\t\t\t\t\t<\/div>\n\t\t\t\t<\/div>\n\t\t\t\t\t<\/div>\n\t\t<\/div>\n\t\t\t\t<div class=\"elementor-column elementor-col-14 elementor-inner-column elementor-element elementor-element-313e21a\" data-id=\"313e21a\" data-element_type=\"column\" data-e-type=\"column\">\n\t\t\t<div class=\"elementor-widget-wrap elementor-element-populated\">\n\t\t\t\t\t\t<div class=\"elementor-element elementor-element-f52fac7 elementor-widget elementor-widget-image\" data-id=\"f52fac7\" data-element_type=\"widget\" data-e-type=\"widget\" data-widget_type=\"image.default\">\n\t\t\t\t<div class=\"elementor-widget-container\">\n\t\t\t\t\t\t\t\t\t\t\t\t\t\t\t<img loading=\"lazy\" decoding=\"async\" width=\"136\" height=\"74\" src=\"https:\/\/femepa.org\/web\/wp-content\/uploads\/2023\/09\/logo11.jpg\" class=\"attachment-large size-large wp-image-4131\" alt=\"logo igualdad\" \/>\t\t\t\t\t\t\t\t\t\t\t\t\t\t\t<\/div>\n\t\t\t\t<\/div>\n\t\t\t\t\t<\/div>\n\t\t<\/div>\n\t\t\t\t<div class=\"elementor-column elementor-col-14 elementor-inner-column elementor-element elementor-element-a9874c1\" data-id=\"a9874c1\" data-element_type=\"column\" data-e-type=\"column\">\n\t\t\t<div class=\"elementor-widget-wrap elementor-element-populated\">\n\t\t\t\t\t\t<div class=\"elementor-element elementor-element-b116b51 elementor-widget elementor-widget-image\" data-id=\"b116b51\" data-element_type=\"widget\" data-e-type=\"widget\" data-widget_type=\"image.default\">\n\t\t\t\t<div class=\"elementor-widget-container\">\n\t\t\t\t\t\t\t\t\t\t\t\t\t\t\t<img loading=\"lazy\" decoding=\"async\" width=\"136\" height=\"74\" src=\"https:\/\/femepa.org\/web\/wp-content\/uploads\/2023\/09\/logo12.jpg\" class=\"attachment-large size-large wp-image-4132\" alt=\"\" \/>\t\t\t\t\t\t\t\t\t\t\t\t\t\t\t<\/div>\n\t\t\t\t<\/div>\n\t\t\t\t\t<\/div>\n\t\t<\/div>\n\t\t\t\t<div class=\"elementor-column elementor-col-14 elementor-inner-column elementor-element elementor-element-aa7c51c elementor-hidden-tablet elementor-hidden-mobile\" data-id=\"aa7c51c\" data-element_type=\"column\" data-e-type=\"column\">\n\t\t\t<div class=\"elementor-widget-wrap\">\n\t\t\t\t\t\t\t<\/div>\n\t\t<\/div>\n\t\t\t\t\t<\/div>\n\t\t<\/section>\n\t\t\t\t\t<\/div>\n\t\t<\/div>\n\t\t\t\t\t<\/div>\n\t\t<\/section>\n\t\t\t\t<\/div>\n\t\t","protected":false},"excerpt":{"rendered":"<p>Accesibilidad WEB &nbsp; &nbsp; &nbsp;La accesibilidad web es el dise\u00f1o y desarrollo de sitios y aplicaciones web que sean utilizables por todas las personas, incluidas aquellas con discapacidades, para que puedan percibir, comprender, navegar e interactuar con el contenido en l\u00ednea. Esto se logra mediante pr\u00e1cticas inclusivas que hacen el contenido m\u00e1s comprensible, operable y [&hellip;]<\/p>\n","protected":false},"author":7,"featured_media":0,"parent":0,"menu_order":0,"comment_status":"closed","ping_status":"closed","template":"template-homepage.php","meta":{"_acf_changed":false,"rs_blank_template":"","rs_page_bg_color":"","slide_template_v7":"","footnotes":""},"class_list":["post-50502","page","type-page","status-publish","hentry"],"acf":[],"_links":{"self":[{"href":"https:\/\/femepa.org\/web\/wp-json\/wp\/v2\/pages\/50502","targetHints":{"allow":["GET"]}}],"collection":[{"href":"https:\/\/femepa.org\/web\/wp-json\/wp\/v2\/pages"}],"about":[{"href":"https:\/\/femepa.org\/web\/wp-json\/wp\/v2\/types\/page"}],"author":[{"embeddable":true,"href":"https:\/\/femepa.org\/web\/wp-json\/wp\/v2\/users\/7"}],"replies":[{"embeddable":true,"href":"https:\/\/femepa.org\/web\/wp-json\/wp\/v2\/comments?post=50502"}],"version-history":[{"count":41,"href":"https:\/\/femepa.org\/web\/wp-json\/wp\/v2\/pages\/50502\/revisions"}],"predecessor-version":[{"id":50621,"href":"https:\/\/femepa.org\/web\/wp-json\/wp\/v2\/pages\/50502\/revisions\/50621"}],"wp:attachment":[{"href":"https:\/\/femepa.org\/web\/wp-json\/wp\/v2\/media?parent=50502"}],"curies":[{"name":"wp","href":"https:\/\/api.w.org\/{rel}","templated":true}]}}