{"id":68,"date":"2022-12-29T09:34:08","date_gmt":"2022-12-29T08:34:08","guid":{"rendered":"https:\/\/themepanthers.com\/wp\/vankine\/v1\/?page_id=68"},"modified":"2024-09-08T00:21:07","modified_gmt":"2024-09-07T23:21:07","slug":"contacto","status":"publish","type":"page","link":"https:\/\/femepa.org\/web\/contacto\/","title":{"rendered":"Contacto"},"content":{"rendered":"\t\t<div data-elementor-type=\"wp-page\" data-elementor-id=\"68\" class=\"elementor elementor-68\" data-elementor-post-type=\"page\">\n\t\t\t\t\t\t<section class=\"elementor-section elementor-top-section elementor-element elementor-element-233d29d elementor-section-boxed elementor-section-height-default elementor-section-height-default\" data-id=\"233d29d\" data-element_type=\"section\" data-e-type=\"section\" data-settings=\"{&quot;background_background&quot;:&quot;classic&quot;}\">\n\t\t\t\t\t\t\t<div class=\"elementor-background-overlay\"><\/div>\n\t\t\t\t\t\t\t<div class=\"elementor-container elementor-column-gap-default\">\n\t\t\t\t\t<div class=\"elementor-column elementor-col-100 elementor-top-column elementor-element elementor-element-a7629f1\" data-id=\"a7629f1\" data-element_type=\"column\" data-e-type=\"column\">\n\t\t\t<div class=\"elementor-widget-wrap elementor-element-populated\">\n\t\t\t\t\t\t<div class=\"elementor-element elementor-element-a4d6104 elementor-widget elementor-widget-heading\" data-id=\"a4d6104\" data-element_type=\"widget\" data-e-type=\"widget\" data-widget_type=\"heading.default\">\n\t\t\t\t<div class=\"elementor-widget-container\">\n\t\t\t\t\t<h1 class=\"elementor-heading-title elementor-size-default\">Contacto<\/h1>\t\t\t\t<\/div>\n\t\t\t\t<\/div>\n\t\t\t\t\t<\/div>\n\t\t<\/div>\n\t\t\t\t\t<\/div>\n\t\t<\/section>\n\t\t\t\t<section class=\"elementor-section elementor-top-section elementor-element elementor-element-6036f71 cuadros-contacto elementor-section-boxed elementor-section-height-default elementor-section-height-default\" data-id=\"6036f71\" data-element_type=\"section\" data-e-type=\"section\" data-settings=\"{&quot;background_background&quot;:&quot;classic&quot;}\">\n\t\t\t\t\t\t<div class=\"elementor-container elementor-column-gap-extended\">\n\t\t\t\t\t<div class=\"elementor-column elementor-col-33 elementor-top-column elementor-element elementor-element-3299cd0\" data-id=\"3299cd0\" data-element_type=\"column\" data-e-type=\"column\">\n\t\t\t<div class=\"elementor-widget-wrap elementor-element-populated\">\n\t\t\t\t\t\t<div class=\"elementor-element elementor-element-3b6240d h-100 elementor-widget elementor-widget-vankine-contact-box-v1\" data-id=\"3b6240d\" data-element_type=\"widget\" data-e-type=\"widget\" data-widget_type=\"vankine-contact-box-v1.default\">\n\t\t\t\t<div class=\"elementor-widget-container\">\n\t\t\t\t\t \r\n \r\n    <div class=\"contact_box_content\">\r\n                                                                                            <div class=\"icon trans\">\r\n                                <i class=\" fi-rr-map-marker\"><\/i>\r\n                            <\/div>\r\n                        \t\r\n                    \t\r\n                                         \r\n            <div class=\"contact-infor\">\r\n                \r\n                <h6 class=\"title_no_a_24\">   Direcci\u00f3n<\/h6>\r\n                                        <span>C\/ Le\u00f3n y Castillo, 89 4\u00aa planta\n35004 \u2013 Las Palmas de Gran Canaria,\nGran Canaria, Espa\u00f1a<\/span>\r\n                    <\/div>\r\n                                        <\/div>\r\n \r\n  \r\n  \r\n\r\n  \r\n \r\n\r\n\r\n    \t\t\t\t<\/div>\n\t\t\t\t<\/div>\n\t\t\t\t\t<\/div>\n\t\t<\/div>\n\t\t\t\t<div class=\"elementor-column elementor-col-33 elementor-top-column elementor-element elementor-element-566db77\" data-id=\"566db77\" data-element_type=\"column\" data-e-type=\"column\">\n\t\t\t<div class=\"elementor-widget-wrap elementor-element-populated\">\n\t\t\t\t\t\t<div class=\"elementor-element elementor-element-d49dd66 h-100 elementor-widget elementor-widget-vankine-contact-box-v1\" data-id=\"d49dd66\" data-element_type=\"widget\" data-e-type=\"widget\" data-widget_type=\"vankine-contact-box-v1.default\">\n\t\t\t\t<div class=\"elementor-widget-container\">\n\t\t\t\t\t \r\n \r\n    <div class=\"contact_box_content\">\r\n                                                                                            <div class=\"icon trans\">\r\n                                <i class=\" fi-rr-envelope-open\"><\/i>\r\n                            <\/div>\r\n                        \t\r\n                    \t\r\n                                                        <div class=\"contact-infor\">\r\n                   \r\n                <h6 class=\"title_no_a_24\">Email<\/h6>\r\n            \r\n                                            <a href=\"mailto:femepa@femepa.es\n\n\n\n\n\">femepa@femepa.es\n\n\n\n\n<\/a>\r\n                                <\/div>\r\n                        <\/div>\r\n \r\n  \r\n  \r\n\r\n  \r\n \r\n\r\n\r\n    \t\t\t\t<\/div>\n\t\t\t\t<\/div>\n\t\t\t\t\t<\/div>\n\t\t<\/div>\n\t\t\t\t<div class=\"elementor-column elementor-col-33 elementor-top-column elementor-element elementor-element-f573a1e\" data-id=\"f573a1e\" data-element_type=\"column\" data-e-type=\"column\">\n\t\t\t<div class=\"elementor-widget-wrap elementor-element-populated\">\n\t\t\t\t\t\t<div class=\"elementor-element elementor-element-7a34cd0 h-100 elementor-widget elementor-widget-vankine-contact-box-v1\" data-id=\"7a34cd0\" data-element_type=\"widget\" data-e-type=\"widget\" data-widget_type=\"vankine-contact-box-v1.default\">\n\t\t\t\t<div class=\"elementor-widget-container\">\n\t\t\t\t\t \r\n \r\n    <div class=\"contact_box_content\">\r\n                                                                                            <div class=\"icon trans\">\r\n                                <i class=\" fi-rr-phone-call\"><\/i>\r\n                            <\/div>\r\n                        \t\r\n                    \t\r\n                                                <div class=\"contact-infor\">\r\n                          \r\n                <h6 class=\"title_no_a_24\">Tel\u00e9fono<\/h6>\r\n                                        <a href=\"tel:Centralita: (+34) 928 29 61 61\">Centralita: (+34) 928 29 61 61<\/a>\r\n                                        <a href=\"tel:Formaci\u00f3n: (+34) 928 47 40 89\">Formaci\u00f3n: (+34) 928 47 40 89<\/a>\r\n                    <\/div>\r\n                                <\/div>\r\n \r\n  \r\n  \r\n\r\n  \r\n \r\n\r\n\r\n    \t\t\t\t<\/div>\n\t\t\t\t<\/div>\n\t\t\t\t\t<\/div>\n\t\t<\/div>\n\t\t\t\t\t<\/div>\n\t\t<\/section>\n\t\t\t\t<section class=\"elementor-section elementor-top-section elementor-element elementor-element-927a4fa elementor-section-full_width elementor-section-height-default elementor-section-height-default\" data-id=\"927a4fa\" data-element_type=\"section\" data-e-type=\"section\">\n\t\t\t\t\t\t\t<div class=\"elementor-background-overlay\"><\/div>\n\t\t\t\t\t\t\t<div class=\"elementor-container elementor-column-gap-no\">\n\t\t\t\t\t<div class=\"elementor-column elementor-col-100 elementor-top-column elementor-element elementor-element-5de05cc\" data-id=\"5de05cc\" data-element_type=\"column\" data-e-type=\"column\">\n\t\t\t<div class=\"elementor-widget-wrap elementor-element-populated\">\n\t\t\t\t\t\t<div class=\"elementor-element elementor-element-49ac0c5 elementor-widget elementor-widget-google_maps\" data-id=\"49ac0c5\" data-element_type=\"widget\" data-e-type=\"widget\" data-widget_type=\"google_maps.default\">\n\t\t\t\t<div class=\"elementor-widget-container\">\n\t\t\t\t\t\t\t<div class=\"elementor-custom-embed\">\n\t\t\t<iframe loading=\"lazy\"\n\t\t\t\t\tsrc=\"https:\/\/maps.google.com\/maps?q=femepa%20C%2F%20Le%C3%B3n%20y%20Castillo%2C%2089&#038;t=m&#038;z=17&#038;output=embed&#038;iwloc=near\"\n\t\t\t\t\ttitle=\"femepa C\/ Le\u00f3n y Castillo, 89\"\n\t\t\t\t\taria-label=\"femepa C\/ Le\u00f3n y Castillo, 89\"\n\t\t\t><\/iframe>\n\t\t<\/div>\n\t\t\t\t\t\t<\/div>\n\t\t\t\t<\/div>\n\t\t\t\t\t<\/div>\n\t\t<\/div>\n\t\t\t\t\t<\/div>\n\t\t<\/section>\n\t\t\t\t<section class=\"elementor-section elementor-top-section elementor-element elementor-element-a8e90f9 elementor-section-boxed elementor-section-height-default elementor-section-height-default\" data-id=\"a8e90f9\" data-element_type=\"section\" data-e-type=\"section\" data-settings=\"{&quot;background_background&quot;:&quot;classic&quot;}\">\n\t\t\t\t\t\t<div class=\"elementor-container elementor-column-gap-default\">\n\t\t\t\t\t<div class=\"elementor-column elementor-col-50 elementor-top-column elementor-element elementor-element-c76861d\" data-id=\"c76861d\" data-element_type=\"column\" data-e-type=\"column\">\n\t\t\t<div class=\"elementor-widget-wrap elementor-element-populated\">\n\t\t\t\t\t\t<div class=\"elementor-element elementor-element-4380665 elementor-widget elementor-widget-vankine-title-v1\" data-id=\"4380665\" data-element_type=\"widget\" data-e-type=\"widget\" data-widget_type=\"vankine-title-v1.default\">\n\t\t\t\t<div class=\"elementor-widget-container\">\n\t\t\t\t\t                    <div class=\"section_title type_one\">\r\n                            <h6 class=\"sm_title\"> FORMULARIO<\/h6>\r\n                                        <div class=\"title_whole\"> \r\n                        <h2 class=\"title\"> Contacta con<br>nosotros  <\/h2>\r\n                <\/div>\r\n                                <\/div>\r\n            \r\n\r\n    \t\t\t\t<\/div>\n\t\t\t\t<\/div>\n\t\t\t\t\t<\/div>\n\t\t<\/div>\n\t\t\t\t<div class=\"elementor-column elementor-col-50 elementor-top-column elementor-element elementor-element-e9caf95\" data-id=\"e9caf95\" data-element_type=\"column\" data-e-type=\"column\">\n\t\t\t<div class=\"elementor-widget-wrap elementor-element-populated\">\n\t\t\t\t\t\t<div class=\"elementor-element elementor-element-32d86a2 form-observaciones form-contacto elementor-widget elementor-widget-shortcode\" data-id=\"32d86a2\" data-element_type=\"widget\" data-e-type=\"widget\" data-widget_type=\"shortcode.default\">\n\t\t\t\t<div class=\"elementor-widget-container\">\n\t\t\t\t\t\t\t<div class=\"elementor-shortcode\">\n<div class=\"wpcf7 no-js\" id=\"wpcf7-f40614-o1\" lang=\"es-ES\" dir=\"ltr\" data-wpcf7-id=\"40614\">\n<div class=\"screen-reader-response\"><p role=\"status\" aria-live=\"polite\" aria-atomic=\"true\"><\/p> <ul><\/ul><\/div>\n<form action=\"\/web\/wp-json\/wp\/v2\/pages\/68#wpcf7-f40614-o1\" method=\"post\" class=\"wpcf7-form init\" aria-label=\"Formulario de contacto\" novalidate=\"novalidate\" data-status=\"init\">\n<fieldset class=\"hidden-fields-container\"><input type=\"hidden\" name=\"_wpcf7\" value=\"40614\" \/><input type=\"hidden\" name=\"_wpcf7_version\" value=\"6.1.5\" \/><input type=\"hidden\" name=\"_wpcf7_locale\" value=\"es_ES\" \/><input type=\"hidden\" name=\"_wpcf7_unit_tag\" value=\"wpcf7-f40614-o1\" \/><input type=\"hidden\" name=\"_wpcf7_container_post\" value=\"0\" \/><input type=\"hidden\" name=\"_wpcf7_posted_data_hash\" value=\"\" \/>\n<\/fieldset>\n<div class=\"contact-form-1\">\n\t<div class=\"row\">\n\t\t<div class=\"col-sm-12 col-md-12\">\n\t\t\t<div class=\"input-group\">\n\t\t\t\t<p><span class=\"wpcf7-form-control-wrap\" data-name=\"your-motivo\"><select class=\"wpcf7-form-control wpcf7-select wpcf7-validates-as-required\" aria-required=\"true\" aria-invalid=\"false\" name=\"your-motivo\"><option value=\"\">Departamento<\/option><option value=\"Formaci\u00f3n\">Formaci\u00f3n<\/option><option value=\"Fundaci\u00f3n FEMEPA\">Fundaci\u00f3n FEMEPA<\/option><option value=\"Innovaci\u00f3n Empresarial\">Innovaci\u00f3n Empresarial<\/option><option value=\"Ayuda a la legalizaci\u00f3n\">Ayuda a la legalizaci\u00f3n<\/option><option value=\"Prevenci\u00f3n de Riesgos Laborales\">Prevenci\u00f3n de Riesgos Laborales<\/option><option value=\"Consulta general\">Consulta general<\/option><\/select><\/span>\n\t\t\t\t<\/p>\n\t\t\t<\/div>\n\t\t<\/div>\n\t\t<div class=\"col-sm-12 col-md-12\">\n\t\t\t<div class=\"input-group\">\n\t\t\t\t<p><span class=\"wpcf7-form-control-wrap\" data-name=\"your-name\"><input size=\"40\" maxlength=\"400\" class=\"wpcf7-form-control wpcf7-text wpcf7-validates-as-required\" aria-required=\"true\" aria-invalid=\"false\" placeholder=\"Nombre\" value=\"\" type=\"text\" name=\"your-name\" \/><\/span>\n\t\t\t\t<\/p>\n\t\t\t<\/div>\n\t\t<\/div>\n\t\t<div class=\"col-sm-12 col-md-12\">\n\t\t\t<div class=\"input-group\">\n\t\t\t\t<p><span class=\"wpcf7-form-control-wrap\" data-name=\"your-surname\"><input size=\"40\" maxlength=\"400\" class=\"wpcf7-form-control wpcf7-text wpcf7-validates-as-required\" aria-required=\"true\" aria-invalid=\"false\" placeholder=\"Apellidos\" value=\"\" type=\"text\" name=\"your-surname\" \/><\/span>\n\t\t\t\t<\/p>\n\t\t\t<\/div>\n\t\t<\/div>\n\t\t<div class=\"col-sm-12 col-md-12\">\n\t\t\t<div class=\"input-group\">\n\t\t\t\t<p><span class=\"wpcf7-form-control-wrap\" data-name=\"your-phone\"><input size=\"40\" maxlength=\"400\" class=\"wpcf7-form-control wpcf7-text\" aria-invalid=\"false\" placeholder=\"Tel\u00e9fono de contacto\" value=\"\" type=\"text\" name=\"your-phone\" \/><\/span>\n\t\t\t\t<\/p>\n\t\t\t<\/div>\n\t\t<\/div>\n\t\t<div class=\"col-sm-12 col-md-12\">\n\t\t\t<div class=\"input-group\">\n\t\t\t\t<p><span class=\"wpcf7-form-control-wrap\" data-name=\"your-email\"><input size=\"40\" maxlength=\"400\" class=\"wpcf7-form-control wpcf7-email wpcf7-validates-as-required wpcf7-text wpcf7-validates-as-email\" aria-required=\"true\" aria-invalid=\"false\" placeholder=\"Email de contacto\" value=\"\" type=\"email\" name=\"your-email\" \/><\/span>\n\t\t\t\t<\/p>\n\t\t\t<\/div>\n\t\t<\/div>\n\t\t<div class=\"col-sm-12 col-md-12\">\n\t\t\t<p><span class=\"wpcf7-form-control-wrap\" data-name=\"your-message\"><textarea cols=\"20\" rows=\"3\" maxlength=\"2000\" class=\"wpcf7-form-control wpcf7-textarea wpcf7-validates-as-required\" aria-required=\"true\" aria-invalid=\"false\" name=\"your-message\">Asunto<\/textarea><\/span>\n\t\t\t<\/p>\n\t\t<\/div>\n\t\t<div class=\"col-sm-12 col-md-12 mb-2\">\n\t\t\t<p><span class=\"wpcf7-form-control-wrap\" data-name=\"your-consent\"><span class=\"wpcf7-form-control wpcf7-acceptance\"><span class=\"wpcf7-list-item\"><label><input type=\"checkbox\" name=\"your-consent\" value=\"1\" aria-invalid=\"false\" \/><span class=\"wpcf7-list-item-label\">He le\u00eddo y acepto la <a href=\"\/politica-de-privacidad\" target=\"_blank\">pol\u00edtica de privacidad<\/a>.<\/span><\/label><\/span><\/span><\/span>\n\t\t\t<\/p>\n\t\t<\/div>\n\t\t<div class=\"col-sm-12 p-hide\">\n\t\t\t<div class=\"input-button\">\n\t\t\t\t<p><input class=\"wpcf7-form-control wpcf7-submit has-spinner\" type=\"submit\" value=\"ENVIAR\" \/>\n\t\t\t\t<\/p>\n\t\t\t<\/div>\n\t\t<\/div>\n\t<\/div>\n<\/div><div class=\"wpcf7-response-output\" aria-hidden=\"true\"><\/div>\n<\/form>\n<\/div>\n<\/div>\n\t\t\t\t\t\t<\/div>\n\t\t\t\t<\/div>\n\t\t\t\t\t<\/div>\n\t\t<\/div>\n\t\t\t\t\t<\/div>\n\t\t<\/section>\n\t\t\t\t<\/div>\n\t\t","protected":false},"excerpt":{"rendered":"<p>Contacto Direcci\u00f3n C\/ Le\u00f3n y Castillo, 89 4\u00aa planta 35004 \u2013 Las Palmas de Gran Canaria, Gran Canaria, Espa\u00f1a Email femepa@femepa.es Tel\u00e9fono Centralita: (+34) 928 29 61 61 Formaci\u00f3n: (+34) 928 47 40 89 FORMULARIO Contacta connosotros<\/p>\n","protected":false},"author":1,"featured_media":0,"parent":0,"menu_order":0,"comment_status":"closed","ping_status":"closed","template":"template-fullwidth.php","meta":{"_acf_changed":false,"rs_blank_template":"","rs_page_bg_color":"","slide_template_v7":"","footnotes":""},"class_list":["post-68","page","type-page","status-publish","hentry"],"acf":[],"_links":{"self":[{"href":"https:\/\/femepa.org\/web\/wp-json\/wp\/v2\/pages\/68","targetHints":{"allow":["GET"]}}],"collection":[{"href":"https:\/\/femepa.org\/web\/wp-json\/wp\/v2\/pages"}],"about":[{"href":"https:\/\/femepa.org\/web\/wp-json\/wp\/v2\/types\/page"}],"author":[{"embeddable":true,"href":"https:\/\/femepa.org\/web\/wp-json\/wp\/v2\/users\/1"}],"replies":[{"embeddable":true,"href":"https:\/\/femepa.org\/web\/wp-json\/wp\/v2\/comments?post=68"}],"version-history":[{"count":33,"href":"https:\/\/femepa.org\/web\/wp-json\/wp\/v2\/pages\/68\/revisions"}],"predecessor-version":[{"id":46253,"href":"https:\/\/femepa.org\/web\/wp-json\/wp\/v2\/pages\/68\/revisions\/46253"}],"wp:attachment":[{"href":"https:\/\/femepa.org\/web\/wp-json\/wp\/v2\/media?parent=68"}],"curies":[{"name":"wp","href":"https:\/\/api.w.org\/{rel}","templated":true}]}}